{"id":24,"date":"2012-11-21T20:11:06","date_gmt":"2012-11-21T19:11:06","guid":{"rendered":"http:\/\/www.david-senz.com\/?page_id=24"},"modified":"2021-12-09T16:48:27","modified_gmt":"2021-12-09T15:48:27","slug":"impressum","status":"publish","type":"page","link":"https:\/\/www.david-senz.com\/en\/impressum\/","title":{"rendered":"Impressum"},"content":{"rendered":"<h3>Impressum<\/h3>\n<p><strong>Haftungsausschlu\u00df<br \/>\n<\/strong><br \/>\nWir pr\u00fcfen und aktualisieren die Inhalte auf unseren Webseiten regelm\u00e4\u00dfig.<br \/>\nTrotzdem k\u00f6nnen sich von uns nicht bemerkte Ver\u00e4nderungen ergeben.<br \/>\nWir \u00fcbernehmen deshalb keine Haftung oder Garantie f\u00fcr die Aktualit\u00e4t,<br \/>\nRichtigkeit und Vollst\u00e4ndigkeit der von uns zur Verf\u00fcgung gestellten<br \/>\nInformationen. Gleiches gilt auch f\u00fcr alle anderen Webseiten, auf die wir<br \/>\nmittels Hyperlink verweisen. Wir sind f\u00fcr den Inhalt solcher Seiten, die<br \/>\nauf Grund einer von uns gesetzten Verbindung erreicht werden k\u00f6nnen,<br \/>\nnicht verantwortlich. Wir behalten uns au\u00dferdem das Recht vor, die<br \/>\nbereitgestellten Informationen zu \u00e4ndern oder zu erg\u00e4nzen.<\/p>\n<p>\u00a9 david-senz.de | david-senz.com 2022<\/p>\n<p>Verantwortlich f\u00fcr den Inhalt dieser Webseite ist:<br \/>\nDavid Senz<br \/>\nNiederbach 18<br \/>\n53639 K\u00f6nigswinter<\/p>\n<p><strong>Mail:<\/strong>\u00a0info[at]david-senz.de<\/p>\n<p>Bilder:<br \/>\nMona Gr\u00fcnewald (<a href=\"http:\/\/www.monagruenewald.com\/\" target=\"_blank\" rel=\"noopener noreferrer\">www.monagruenewald.com<\/a>)<\/p>\n<p><a href=\"http:\/\/www.freepik.com\/free-photos-vectors\/logo\">Logo vector designed by Freepik<\/a><\/p>\n","protected":false},"excerpt":{"rendered":"<p>Impressum Haftungsausschlu\u00df Wir pr\u00fcfen und aktualisieren die Inhalte auf unseren Webseiten regelm\u00e4\u00dfig. Trotzdem k\u00f6nnen sich [&hellip;]<\/p>\n","protected":false},"author":1,"featured_media":263,"parent":0,"menu_order":0,"comment_status":"closed","ping_status":"closed","template":"","meta":[],"_links":{"self":[{"href":"https:\/\/www.david-senz.com\/en\/wp-json\/wp\/v2\/pages\/24"}],"collection":[{"href":"https:\/\/www.david-senz.com\/en\/wp-json\/wp\/v2\/pages"}],"about":[{"href":"https:\/\/www.david-senz.com\/en\/wp-json\/wp\/v2\/types\/page"}],"author":[{"embeddable":true,"href":"https:\/\/www.david-senz.com\/en\/wp-json\/wp\/v2\/users\/1"}],"replies":[{"embeddable":true,"href":"https:\/\/www.david-senz.com\/en\/wp-json\/wp\/v2\/comments?post=24"}],"version-history":[{"count":19,"href":"https:\/\/www.david-senz.com\/en\/wp-json\/wp\/v2\/pages\/24\/revisions"}],"predecessor-version":[{"id":1714,"href":"https:\/\/www.david-senz.com\/en\/wp-json\/wp\/v2\/pages\/24\/revisions\/1714"}],"wp:featuredmedia":[{"embeddable":true,"href":"https:\/\/www.david-senz.com\/en\/wp-json\/wp\/v2\/media\/263"}],"wp:attachment":[{"href":"https:\/\/www.david-senz.com\/en\/wp-json\/wp\/v2\/media?parent=24"}],"curies":[{"name":"wp","href":"https:\/\/api.w.org\/{rel}","templated":true}]}}