{"id":1697,"date":"2021-11-11T14:01:50","date_gmt":"2021-11-11T13:01:50","guid":{"rendered":"https:\/\/www.david-senz.com\/?post_type=product&#038;p=1697"},"modified":"2022-05-30T14:30:42","modified_gmt":"2022-05-30T13:30:42","slug":"poetry-gitarre-koenig-der-juden-cd-neu","status":"publish","type":"product","link":"https:\/\/www.david-senz.com\/en\/shop\/produkt\/poetry-gitarre-koenig-der-juden-cd-neu\/","title":{"rendered":"Poetry &#038; Gitarre: K\u00f6nig der Juden &#8211; CD NEU!!"},"content":{"rendered":"<p>\u201eK\u00f6nig der Juden\u201c ist die gemeinsame CD von Schwester Damiana Lerp (Poetry Slam) und David Senz (Gitarre). Im Mittelpunkt steht die j\u00fcdische Identit\u00e4t von Jesus, die Erw\u00e4hlung Israels und die Rolle der Nationen. Weiter werden aktuelle Themen wie Klimawandel und Lebensschutz thematisiert.<br \/>\nEine wachr\u00fcttelnde CD voller Tiefe und Hingabe. Die Texte von Schwester Damiana Lerp (ev Marienschwesternschaft, Darmstadt) treffen ins Herz und f\u00fchren zu Umkehr und Anbetung. <\/p>\n<p><em>\u201e\u2026und dann gehst Du &#8211; das war nicht gewollt &#8211; der K\u00f6nig der Juden mit Deinem Volk und das eigene Herz leer pl\u00f6tzlich erkennt &#8211; ich habe den K\u00f6nig vom Volk getrennt &#8211; den Juden aus meinem Herzen verbannt.\u201c<\/em><br \/>\n(zitiert aus dem CD-Cover)<\/p>","protected":false},"excerpt":{"rendered":"<p>01. Still waters (Psalm 23)<br \/>\n02. K\u00f6nig der Juden<br \/>\n03. Vater<br \/>\n04. Ekklesia &#038; Synagoge<br \/>\n05. Missbraucht<br \/>\n06. Zwei Kirchen &#8211; zwei Welten<br \/>\n07. Auschwitz<br \/>\n08. Familie<br \/>\n09. Fehlender Stern<br \/>\n10. Klimawandel<br \/>\n11. Deutschlands Berufung<br \/>\n12. Communion (solo version)<\/p>\n","protected":false},"featured_media":1698,"comment_status":"closed","ping_status":"closed","template":"","meta":[],"product_cat":[60,62],"product_tag":[70,64,69,47,124,91,125,92,63,126,122,123,90],"_links":{"self":[{"href":"https:\/\/www.david-senz.com\/en\/wp-json\/wp\/v2\/product\/1697"}],"collection":[{"href":"https:\/\/www.david-senz.com\/en\/wp-json\/wp\/v2\/product"}],"about":[{"href":"https:\/\/www.david-senz.com\/en\/wp-json\/wp\/v2\/types\/product"}],"replies":[{"embeddable":true,"href":"https:\/\/www.david-senz.com\/en\/wp-json\/wp\/v2\/comments?post=1697"}],"wp:featuredmedia":[{"embeddable":true,"href":"https:\/\/www.david-senz.com\/en\/wp-json\/wp\/v2\/media\/1698"}],"wp:attachment":[{"href":"https:\/\/www.david-senz.com\/en\/wp-json\/wp\/v2\/media?parent=1697"}],"wp:term":[{"taxonomy":"product_cat","embeddable":true,"href":"https:\/\/www.david-senz.com\/en\/wp-json\/wp\/v2\/product_cat?post=1697"},{"taxonomy":"product_tag","embeddable":true,"href":"https:\/\/www.david-senz.com\/en\/wp-json\/wp\/v2\/product_tag?post=1697"}],"curies":[{"name":"wp","href":"https:\/\/api.w.org\/{rel}","templated":true}]}}